{"id":6259,"date":"2022-03-04T17:29:55","date_gmt":"2022-03-04T17:29:55","guid":{"rendered":"https:\/\/talaiotestudios.com\/?page_id=6259"},"modified":"2025-01-07T11:03:59","modified_gmt":"2025-01-07T11:03:59","slug":"contacto","status":"publish","type":"page","link":"https:\/\/tracktrailproductions.com\/en\/contacto\/","title":{"rendered":"Contact"},"content":{"rendered":"<div data-elementor-type=\"wp-page\" data-elementor-id=\"6259\" class=\"elementor elementor-6259\" data-elementor-post-type=\"page\">\n\t\t\t\t\t\t<section class=\"elementor-section elementor-top-section elementor-element elementor-element-0296ce5 elementor-section-full_width elementor-section-height-full bg-light-1 elementor-section-items-stretch XXXXXX elementor-section-height-default\" data-id=\"0296ce5\" data-element_type=\"section\" data-settings=\"{&quot;theme_section_color&quot;:&quot;bg-light-1&quot;,&quot;background_background&quot;:&quot;gradient&quot;}\">\n\t\t\t\t\t\t<div class=\"elementor-container elementor-column-gap-no\">\n\t\t\t\t\t<div class=\"elementor-column elementor-col-50 elementor-top-column elementor-element elementor-element-e08468e\" data-id=\"e08468e\" data-element_type=\"column\" data-settings=\"{&quot;background_background&quot;:&quot;gradient&quot;}\">\n\t\t\t<div class=\"elementor-widget-wrap elementor-element-populated\">\n\t\t\t\t\t\t<div class=\"elementor-element elementor-element-efb1da7 elementor-widget elementor-widget-rhye-widget-parallax-background\" data-id=\"efb1da7\" data-element_type=\"widget\" data-widget_type=\"rhye-widget-parallax-background.default\">\n\t\t\t\t<div class=\"elementor-widget-container\">\n\t\t\t\t\t\n\t\t\t\t\t\t\t\t\t\t\t\t\t\t<div class=\"section section-image section text-center\" >\n\t\t\t\t\t\t\t\t\t\t\t\t\t\t<div class=\"section-image__wrapper lazy-bg\" >\n\t\t\t\t\t\t\t\t\t\t\t\t\t\t\t\t\t\t\t\t\t\t<img fetchpriority=\"high\" decoding=\"async\" class=\"of-cover\" src=\"data:image\/png;base64,iVBORw0KGgoAAAANSUhEUgAAAAEAAAABCAQAAAHCGzyUAAAABGdBTUEAALGPC\/xhBQAAADhlWElmTU0AKgAAAAgAAYdpAAQAAAABAAAAGgAAAAAAAqACAAQAAAABAAAAAaADAAQAAAABAAAAAQAAAADa6r\/EAAAAC0lEQVQI12NolQQAASYAn89qhTcAAAAASUVORK5CYII=\" data-src=\"https:\/\/tracktrailproductions.com\/wp-content\/uploads\/2025\/01\/trail-contacto.jpg\" width=\"1920\" height=\"1280\"   alt=\"\" \/>\n\t\t\t\t\t\t\t\t\t\t\t\t\t\t\t\t\t\t<\/div>\n\t\t\t\t\t\t\t\t\t\t\t\t\t\t<\/div>\n\t\t\t\t\t\t\t\t\t\n\t\t\t\t\t\t<\/div>\n\t\t\t\t<\/div>\n\t\t\t\t\t<\/div>\n\t\t<\/div>\n\t\t\t\t<div class=\"elementor-column elementor-col-50 elementor-top-column elementor-element elementor-element-35e49c8 container-fluid bg-dark-1 arts-elementor-theme-light\" data-id=\"35e49c8\" data-element_type=\"column\" data-settings=\"{&quot;theme_section_color&quot;:&quot;bg-dark-1&quot;,&quot;animation&quot;:&quot;none&quot;,&quot;background_background&quot;:&quot;classic&quot;,&quot;theme_section_main_theme_text&quot;:&quot;arts-elementor-theme-light&quot;}\">\n\t\t\t<div class=\"elementor-widget-wrap elementor-element-populated\">\n\t\t\t\t\t\t<section class=\"elementor-section elementor-inner-section elementor-element elementor-element-4960a74 elementor-section-boxed elementor-section-height-default elementor-section-height-default\" data-id=\"4960a74\" data-element_type=\"section\">\n\t\t\t\t\t\t<div class=\"elementor-container elementor-column-gap-default\">\n\t\t\t\t\t<div class=\"elementor-column elementor-col-100 elementor-inner-column elementor-element elementor-element-71fedae\" data-id=\"71fedae\" data-element_type=\"column\">\n\t\t\t<div class=\"elementor-widget-wrap elementor-element-populated\">\n\t\t\t\t\t\t<div class=\"elementor-element elementor-element-d086eef elementor-widget__width-inherit elementor-invisible elementor-widget elementor-widget-heading\" data-id=\"d086eef\" data-element_type=\"widget\" data-settings=\"{&quot;_animation&quot;:&quot;slideInUp&quot;,&quot;_animation_delay&quot;:0}\" data-widget_type=\"heading.default\">\n\t\t\t\t<div class=\"elementor-widget-container\">\n\t\t\t\t\t<h2 class=\"elementor-heading-title elementor-size-default\">We all have a<br> story to tell. <br>Which is yours?<\/h2>\t\t\t\t<\/div>\n\t\t\t\t<\/div>\n\t\t\t\t\t<\/div>\n\t\t<\/div>\n\t\t\t\t\t<\/div>\n\t\t<\/section>\n\t\t\t\t<section class=\"elementor-section elementor-inner-section elementor-element elementor-element-0913dac elementor-section-boxed elementor-section-height-default elementor-section-height-default\" data-id=\"0913dac\" data-element_type=\"section\">\n\t\t\t\t\t\t<div class=\"elementor-container elementor-column-gap-default\">\n\t\t\t\t\t<div class=\"elementor-column elementor-col-100 elementor-inner-column elementor-element elementor-element-69d7892\" data-id=\"69d7892\" data-element_type=\"column\">\n\t\t\t<div class=\"elementor-widget-wrap elementor-element-populated\">\n\t\t\t\t\t\t<div class=\"elementor-element elementor-element-1b0866c elementor-widget__width-auto elementor-invisible elementor-widget elementor-widget-heading\" data-id=\"1b0866c\" data-element_type=\"widget\" data-settings=\"{&quot;_animation&quot;:&quot;slideInUp&quot;,&quot;_animation_delay&quot;:0}\" data-widget_type=\"heading.default\">\n\t\t\t\t<div class=\"elementor-widget-container\">\n\t\t\t\t\t<h3 class=\"elementor-heading-title elementor-size-default\"><a href=\"mailto:info@tracktrailproductions.com\">info@tracktrailproductions.com<\/a><\/h3>\t\t\t\t<\/div>\n\t\t\t\t<\/div>\n\t\t\t\t\t<\/div>\n\t\t<\/div>\n\t\t\t\t\t<\/div>\n\t\t<\/section>\n\t\t\t\t<section class=\"elementor-section elementor-inner-section elementor-element elementor-element-bf2ed4e elementor-section-boxed elementor-section-height-default elementor-section-height-default\" data-id=\"bf2ed4e\" data-element_type=\"section\">\n\t\t\t\t\t\t<div class=\"elementor-container elementor-column-gap-default\">\n\t\t\t\t\t<div class=\"elementor-column elementor-col-50 elementor-inner-column elementor-element elementor-element-55babc0\" data-id=\"55babc0\" data-element_type=\"column\">\n\t\t\t<div class=\"elementor-widget-wrap elementor-element-populated\">\n\t\t\t\t\t\t<div class=\"elementor-element elementor-element-be961e5 elementor-widget__width-auto elementor-invisible elementor-widget elementor-widget-heading\" data-id=\"be961e5\" data-element_type=\"widget\" data-settings=\"{&quot;_animation&quot;:&quot;slideInUp&quot;,&quot;_animation_delay&quot;:0}\" data-widget_type=\"heading.default\">\n\t\t\t\t<div class=\"elementor-widget-container\">\n\t\t\t\t\t<h3 class=\"elementor-heading-title elementor-size-default\"><a href=\"tel:3462731293\">+34 627 312 935<\/a><\/h3>\t\t\t\t<\/div>\n\t\t\t\t<\/div>\n\t\t\t\t\t<\/div>\n\t\t<\/div>\n\t\t\t\t<div class=\"elementor-column elementor-col-50 elementor-inner-column elementor-element elementor-element-0994632\" data-id=\"0994632\" data-element_type=\"column\">\n\t\t\t<div class=\"elementor-widget-wrap elementor-element-populated\">\n\t\t\t\t\t\t<div class=\"elementor-element elementor-element-539f599 elementor-widget__width-auto elementor-invisible elementor-widget elementor-widget-heading\" data-id=\"539f599\" data-element_type=\"widget\" data-settings=\"{&quot;_animation&quot;:&quot;slideInUp&quot;,&quot;_animation_delay&quot;:0}\" data-widget_type=\"heading.default\">\n\t\t\t\t<div class=\"elementor-widget-container\">\n\t\t\t\t\t<h3 class=\"elementor-heading-title elementor-size-default\"><a href=\"tel:34617256572\">+34 617 256 572<\/a><\/h3>\t\t\t\t<\/div>\n\t\t\t\t<\/div>\n\t\t\t\t\t<\/div>\n\t\t<\/div>\n\t\t\t\t\t<\/div>\n\t\t<\/section>\n\t\t\t\t<section class=\"elementor-section elementor-inner-section elementor-element elementor-element-e2647da elementor-section-boxed elementor-section-height-default elementor-section-height-default\" data-id=\"e2647da\" data-element_type=\"section\">\n\t\t\t\t\t\t<div class=\"elementor-container elementor-column-gap-default\">\n\t\t\t\t\t<div class=\"elementor-column elementor-col-100 elementor-inner-column elementor-element elementor-element-5ca2794\" data-id=\"5ca2794\" data-element_type=\"column\">\n\t\t\t<div class=\"elementor-widget-wrap elementor-element-populated\">\n\t\t\t\t\t\t<div class=\"elementor-element elementor-element-7129f87 elementor-shape-circle e-grid-align-left elementor-absolute elementor-hidden-mobile elementor-grid-0 elementor-invisible elementor-widget elementor-widget-social-icons\" data-id=\"7129f87\" data-element_type=\"widget\" data-settings=\"{&quot;_position&quot;:&quot;absolute&quot;,&quot;_animation&quot;:&quot;fadeIn&quot;,&quot;_animation_delay&quot;:0}\" data-widget_type=\"social-icons.default\">\n\t\t\t\t<div class=\"elementor-widget-container\">\n\t\t\t\t\t\t\t<div class=\"elementor-social-icons-wrapper elementor-grid\">\n\t\t\t\t\t\t\t<span class=\"elementor-grid-item\">\n\t\t\t\t\t<a class=\"elementor-icon elementor-social-icon elementor-social-icon-Talaiot Estudios - S\u00edguenos en Instagram elementor-animation-grow elementor-repeater-item-ccd48a0\" href=\"http:\/\/www.instagram.com\/talaiotestudios\" target=\"_blank\">\n\t\t\t\t\t\t<span class=\"elementor-screen-only\">Talaiot Estudios - S\u00edguenos En Instagram<\/span>\n\t\t\t\t\t\t<svg xmlns=\"http:\/\/www.w3.org\/2000\/svg\" id=\"beff2d08-0bd0-4524-bc63-b6ed73e59c0e\" data-name=\"Capa 1\" viewbox=\"0 0 757.14 1000\"><defs><style>.bc4aba7d-f561-47c4-940b-3ae612ba735c{fill:#fff;}<\/style><\/defs><path class=\"bc4aba7d-f561-47c4-940b-3ae612ba735c\" d=\"M193.5,121.56l369.56-.27c7.74,1.22,15.56,2,23.19,3.74,85.76,19.22,140.81,71.09,164.4,155.82,3.05,11,4.2,22.62,6.22,33.95l.27,369.56c-.48,2.63-.76,5.33-1.43,7.9-5.1,19.7-7.52,40.64-15.9,58.84-37.63,81.67-102.38,125.34-192.4,126.67-112.32,1.66-224.68.63-337,.58-43.54,0-83.89-11.72-119.39-37C30.77,798.52.57,739.49.32,665.62Q-.23,500.07.17,334.53C.17,320.32.93,305.77,4,292,22.81,206.19,75,151.4,159.5,127.79,170.55,124.7,182.16,123.57,193.5,121.56ZM67.23,500.09q0,82,.13,164.05c0,17.3,1.78,34.39,7.66,50.83,21.39,59.89,73.07,96.19,138.06,96.27,110.36.13,220.73.21,331-.52,16.48-.11,33.7-2.42,49.24-7.67,60.53-20.43,96.55-72.86,96.59-138.31.06-110.11.19-220.21-.53-330.33-.11-16.49-2.38-33.71-7.61-49.27-20.23-60.22-72.54-96.6-137.45-96.72q-165.89-.28-331.78.2c-49.61.09-89.73,19.67-119.15,59.88C74.61,274.24,67,303.6,67.07,335.27Q67.27,417.68,67.23,500.09Z\"><\/path><path class=\"bc4aba7d-f561-47c4-940b-3ae612ba735c\" d=\"M378.82,694.89c-107.06.24-195.32-87.85-195.32-195s88.18-195.36,195.16-195.12S573.13,392.34,573.6,499.4,486.06,694.66,378.82,694.89Zm127.49-195c.14-70.33-57.16-127.66-127.71-127.8C308.25,372,250.94,429.23,250.79,499.8c-.14,70.33,57.15,127.66,127.71,127.8,70.32.15,127.66-57.15,127.81-127.71Z\"><\/path><path class=\"bc4aba7d-f561-47c4-940b-3ae612ba735c\" d=\"M581.43,248c27.1-.13,49.66,22.32,49.47,49.21a49.56,49.56,0,0,1-49,48.9c-27.06.1-49.67-22.4-49.47-49.25A49.42,49.42,0,0,1,581.43,248Z\"><\/path><\/svg>\t\t\t\t\t<\/a>\n\t\t\t\t<\/span>\n\t\t\t\t\t<\/div>\n\t\t\t\t\t\t<\/div>\n\t\t\t\t<\/div>\n\t\t\t\t<div class=\"elementor-element elementor-element-52d4b15 elementor-shape-circle e-grid-align-left elementor-hidden-desktop elementor-hidden-laptop elementor-hidden-tablet elementor-grid-0 elementor-invisible elementor-widget elementor-widget-social-icons\" data-id=\"52d4b15\" data-element_type=\"widget\" data-settings=\"{&quot;_animation&quot;:&quot;slideInUp&quot;,&quot;_animation_delay&quot;:0}\" data-widget_type=\"social-icons.default\">\n\t\t\t\t<div class=\"elementor-widget-container\">\n\t\t\t\t\t\t\t<div class=\"elementor-social-icons-wrapper elementor-grid\">\n\t\t\t\t\t\t\t<span class=\"elementor-grid-item\">\n\t\t\t\t\t<a class=\"elementor-icon elementor-social-icon elementor-social-icon-Talaiot Estudios - S\u00edguenos en Instagram elementor-animation-grow elementor-repeater-item-ccd48a0\" href=\"http:\/\/www.instagram.com\/talaiotestudios\" target=\"_blank\">\n\t\t\t\t\t\t<span class=\"elementor-screen-only\">Talaiot Estudios - S\u00edguenos En Instagram<\/span>\n\t\t\t\t\t\t<svg xmlns=\"http:\/\/www.w3.org\/2000\/svg\" id=\"beff2d08-0bd0-4524-bc63-b6ed73e59c0e\" data-name=\"Capa 1\" viewbox=\"0 0 757.14 1000\"><defs><style>.bc4aba7d-f561-47c4-940b-3ae612ba735c{fill:#fff;}<\/style><\/defs><path class=\"bc4aba7d-f561-47c4-940b-3ae612ba735c\" d=\"M193.5,121.56l369.56-.27c7.74,1.22,15.56,2,23.19,3.74,85.76,19.22,140.81,71.09,164.4,155.82,3.05,11,4.2,22.62,6.22,33.95l.27,369.56c-.48,2.63-.76,5.33-1.43,7.9-5.1,19.7-7.52,40.64-15.9,58.84-37.63,81.67-102.38,125.34-192.4,126.67-112.32,1.66-224.68.63-337,.58-43.54,0-83.89-11.72-119.39-37C30.77,798.52.57,739.49.32,665.62Q-.23,500.07.17,334.53C.17,320.32.93,305.77,4,292,22.81,206.19,75,151.4,159.5,127.79,170.55,124.7,182.16,123.57,193.5,121.56ZM67.23,500.09q0,82,.13,164.05c0,17.3,1.78,34.39,7.66,50.83,21.39,59.89,73.07,96.19,138.06,96.27,110.36.13,220.73.21,331-.52,16.48-.11,33.7-2.42,49.24-7.67,60.53-20.43,96.55-72.86,96.59-138.31.06-110.11.19-220.21-.53-330.33-.11-16.49-2.38-33.71-7.61-49.27-20.23-60.22-72.54-96.6-137.45-96.72q-165.89-.28-331.78.2c-49.61.09-89.73,19.67-119.15,59.88C74.61,274.24,67,303.6,67.07,335.27Q67.27,417.68,67.23,500.09Z\"><\/path><path class=\"bc4aba7d-f561-47c4-940b-3ae612ba735c\" d=\"M378.82,694.89c-107.06.24-195.32-87.85-195.32-195s88.18-195.36,195.16-195.12S573.13,392.34,573.6,499.4,486.06,694.66,378.82,694.89Zm127.49-195c.14-70.33-57.16-127.66-127.71-127.8C308.25,372,250.94,429.23,250.79,499.8c-.14,70.33,57.15,127.66,127.71,127.8,70.32.15,127.66-57.15,127.81-127.71Z\"><\/path><path class=\"bc4aba7d-f561-47c4-940b-3ae612ba735c\" d=\"M581.43,248c27.1-.13,49.66,22.32,49.47,49.21a49.56,49.56,0,0,1-49,48.9c-27.06.1-49.67-22.4-49.47-49.25A49.42,49.42,0,0,1,581.43,248Z\"><\/path><\/svg>\t\t\t\t\t<\/a>\n\t\t\t\t<\/span>\n\t\t\t\t\t<\/div>\n\t\t\t\t\t\t<\/div>\n\t\t\t\t<\/div>\n\t\t\t\t\t<\/div>\n\t\t<\/div>\n\t\t\t\t\t<\/div>\n\t\t<\/section>\n\t\t\t\t\t<\/div>\n\t\t<\/div>\n\t\t\t\t\t<\/div>\n\t\t<\/section>\n\t\t\t\t<\/div>","protected":false},"excerpt":{"rendered":"<p>Todos tenemos una historia que contar. \u00bfCu\u00e1l es la tuya? info@tracktrailproductions.com +34 627 312 935 +34 617 256 572 Talaiot Estudios &#8211; S\u00edguenos En Instagram Talaiot Estudios &#8211; S\u00edguenos En Instagram<\/p>","protected":false},"author":1,"featured_media":6682,"parent":0,"menu_order":0,"comment_status":"closed","ping_status":"closed","template":"elementor_header_footer","meta":{"inline_featured_image":false,"footnotes":""},"class_list":["post-6259","page","type-page","status-publish","has-post-thumbnail","hentry"],"acf":[],"yoast_head":"<!-- This site is optimized with the Yoast SEO plugin v24.1 - https:\/\/yoast.com\/wordpress\/plugins\/seo\/ -->\n<title>Track &amp; Trail | Contacto<\/title>\n<meta name=\"description\" content=\"Todos tenemos una historia que contar. \u00bfCu\u00e1l es la tuya? Cont\u00e1ctanos y te ayudaremos a encontrar el mejor encuadre para cumplir tus objetivos.\" \/>\n<meta name=\"robots\" content=\"index, follow, max-snippet:-1, max-image-preview:large, max-video-preview:-1\" \/>\n<link rel=\"canonical\" href=\"https:\/\/tracktrailproductions.com\/en\/contacto\/\" \/>\n<meta property=\"og:locale\" content=\"en_US\" \/>\n<meta property=\"og:type\" content=\"article\" \/>\n<meta property=\"og:title\" content=\"Track &amp; Trail | Contacto\" \/>\n<meta property=\"og:description\" content=\"Todos tenemos una historia que contar. \u00bfCu\u00e1l es la tuya? Cont\u00e1ctanos y te ayudaremos a encontrar el mejor encuadre para cumplir tus objetivos.\" \/>\n<meta property=\"og:url\" content=\"https:\/\/tracktrailproductions.com\/en\/contacto\/\" \/>\n<meta property=\"og:site_name\" content=\"Track&amp;Trail Productions\" \/>\n<meta property=\"article:modified_time\" content=\"2025-01-07T11:03:59+00:00\" \/>\n<meta property=\"og:image\" content=\"https:\/\/tracktrailproductions.com\/wp-content\/uploads\/2022\/03\/Talaiot-Estudios-Productora-audiovisual-Barcelona-Menorca-Espana.png\" \/>\n\t<meta property=\"og:image:width\" content=\"596\" \/>\n\t<meta property=\"og:image:height\" content=\"596\" \/>\n\t<meta property=\"og:image:type\" content=\"image\/png\" \/>\n<meta name=\"twitter:card\" content=\"summary_large_image\" \/>\n<meta name=\"twitter:label1\" content=\"Est. reading time\" \/>\n\t<meta name=\"twitter:data1\" content=\"1 minute\" \/>\n<script type=\"application\/ld+json\" class=\"yoast-schema-graph\">{\"@context\":\"https:\/\/schema.org\",\"@graph\":[{\"@type\":\"WebPage\",\"@id\":\"https:\/\/tracktrailproductions.com\/contacto\/\",\"url\":\"https:\/\/tracktrailproductions.com\/contacto\/\",\"name\":\"Track & Trail | Contacto\",\"isPartOf\":{\"@id\":\"https:\/\/tracktrailproductions.com\/#website\"},\"primaryImageOfPage\":{\"@id\":\"https:\/\/tracktrailproductions.com\/contacto\/#primaryimage\"},\"image\":{\"@id\":\"https:\/\/tracktrailproductions.com\/contacto\/#primaryimage\"},\"thumbnailUrl\":\"https:\/\/tracktrailproductions.com\/wp-content\/uploads\/2022\/03\/Talaiot-Estudios-Productora-audiovisual-Barcelona-Menorca-Espana.png\",\"datePublished\":\"2022-03-04T17:29:55+00:00\",\"dateModified\":\"2025-01-07T11:03:59+00:00\",\"description\":\"Todos tenemos una historia que contar. \u00bfCu\u00e1l es la tuya? Cont\u00e1ctanos y te ayudaremos a encontrar el mejor encuadre para cumplir tus objetivos.\",\"breadcrumb\":{\"@id\":\"https:\/\/tracktrailproductions.com\/contacto\/#breadcrumb\"},\"inLanguage\":\"en-US\",\"potentialAction\":[{\"@type\":\"ReadAction\",\"target\":[\"https:\/\/tracktrailproductions.com\/contacto\/\"]}]},{\"@type\":\"ImageObject\",\"inLanguage\":\"en-US\",\"@id\":\"https:\/\/tracktrailproductions.com\/contacto\/#primaryimage\",\"url\":\"https:\/\/tracktrailproductions.com\/wp-content\/uploads\/2022\/03\/Talaiot-Estudios-Productora-audiovisual-Barcelona-Menorca-Espana.png\",\"contentUrl\":\"https:\/\/tracktrailproductions.com\/wp-content\/uploads\/2022\/03\/Talaiot-Estudios-Productora-audiovisual-Barcelona-Menorca-Espana.png\",\"width\":596,\"height\":596,\"caption\":\"Productora audiovisual en Menorca, Illes Balears. Reportaje, documental, v\u00eddeo promocional, corporativo, institucional\"},{\"@type\":\"BreadcrumbList\",\"@id\":\"https:\/\/tracktrailproductions.com\/contacto\/#breadcrumb\",\"itemListElement\":[{\"@type\":\"ListItem\",\"position\":1,\"name\":\"Portada\",\"item\":\"https:\/\/tracktrailproductions.com\/\"},{\"@type\":\"ListItem\",\"position\":2,\"name\":\"Contacto\"}]},{\"@type\":\"WebSite\",\"@id\":\"https:\/\/tracktrailproductions.com\/#website\",\"url\":\"https:\/\/tracktrailproductions.com\/\",\"name\":\"Track & Trail | Productora audiovisual\",\"description\":\"Production company \/\/ Branding commercials, sport content, documentary.\",\"publisher\":{\"@id\":\"https:\/\/tracktrailproductions.com\/#organization\"},\"alternateName\":\"Track & Trail | Productora audiovisual\",\"potentialAction\":[{\"@type\":\"SearchAction\",\"target\":{\"@type\":\"EntryPoint\",\"urlTemplate\":\"https:\/\/tracktrailproductions.com\/?s={search_term_string}\"},\"query-input\":{\"@type\":\"PropertyValueSpecification\",\"valueRequired\":true,\"valueName\":\"search_term_string\"}}],\"inLanguage\":\"en-US\"},{\"@type\":\"Organization\",\"@id\":\"https:\/\/tracktrailproductions.com\/#organization\",\"name\":\"Track & Trail | Productora audiovisual\",\"url\":\"https:\/\/tracktrailproductions.com\/\",\"logo\":{\"@type\":\"ImageObject\",\"inLanguage\":\"en-US\",\"@id\":\"https:\/\/tracktrailproductions.com\/#\/schema\/logo\/image\/\",\"url\":\"https:\/\/tracktrailproductions.com\/wp-content\/uploads\/2022\/01\/trackandtrail-Logo.svg\",\"contentUrl\":\"https:\/\/tracktrailproductions.com\/wp-content\/uploads\/2022\/01\/trackandtrail-Logo.svg\",\"width\":463,\"height\":414,\"caption\":\"Track & Trail | Productora audiovisual\"},\"image\":{\"@id\":\"https:\/\/tracktrailproductions.com\/#\/schema\/logo\/image\/\"},\"sameAs\":[\"https:\/\/www.instagram.com\/talaiotestudios\/\"]}]}<\/script>\n<!-- \/ Yoast SEO plugin. -->","yoast_head_json":{"title":"Track & Trail | Contacto","description":"Todos tenemos una historia que contar. \u00bfCu\u00e1l es la tuya? Cont\u00e1ctanos y te ayudaremos a encontrar el mejor encuadre para cumplir tus objetivos.","robots":{"index":"index","follow":"follow","max-snippet":"max-snippet:-1","max-image-preview":"max-image-preview:large","max-video-preview":"max-video-preview:-1"},"canonical":"https:\/\/tracktrailproductions.com\/en\/contacto\/","og_locale":"en_US","og_type":"article","og_title":"Track & Trail | Contacto","og_description":"Todos tenemos una historia que contar. \u00bfCu\u00e1l es la tuya? Cont\u00e1ctanos y te ayudaremos a encontrar el mejor encuadre para cumplir tus objetivos.","og_url":"https:\/\/tracktrailproductions.com\/en\/contacto\/","og_site_name":"Track&amp;Trail Productions","article_modified_time":"2025-01-07T11:03:59+00:00","og_image":[{"width":596,"height":596,"url":"https:\/\/tracktrailproductions.com\/wp-content\/uploads\/2022\/03\/Talaiot-Estudios-Productora-audiovisual-Barcelona-Menorca-Espana.png","type":"image\/png"}],"twitter_card":"summary_large_image","twitter_misc":{"Est. reading time":"1 minute"},"schema":{"@context":"https:\/\/schema.org","@graph":[{"@type":"WebPage","@id":"https:\/\/tracktrailproductions.com\/contacto\/","url":"https:\/\/tracktrailproductions.com\/contacto\/","name":"Track & Trail | Contacto","isPartOf":{"@id":"https:\/\/tracktrailproductions.com\/#website"},"primaryImageOfPage":{"@id":"https:\/\/tracktrailproductions.com\/contacto\/#primaryimage"},"image":{"@id":"https:\/\/tracktrailproductions.com\/contacto\/#primaryimage"},"thumbnailUrl":"https:\/\/tracktrailproductions.com\/wp-content\/uploads\/2022\/03\/Talaiot-Estudios-Productora-audiovisual-Barcelona-Menorca-Espana.png","datePublished":"2022-03-04T17:29:55+00:00","dateModified":"2025-01-07T11:03:59+00:00","description":"Todos tenemos una historia que contar. \u00bfCu\u00e1l es la tuya? Cont\u00e1ctanos y te ayudaremos a encontrar el mejor encuadre para cumplir tus objetivos.","breadcrumb":{"@id":"https:\/\/tracktrailproductions.com\/contacto\/#breadcrumb"},"inLanguage":"en-US","potentialAction":[{"@type":"ReadAction","target":["https:\/\/tracktrailproductions.com\/contacto\/"]}]},{"@type":"ImageObject","inLanguage":"en-US","@id":"https:\/\/tracktrailproductions.com\/contacto\/#primaryimage","url":"https:\/\/tracktrailproductions.com\/wp-content\/uploads\/2022\/03\/Talaiot-Estudios-Productora-audiovisual-Barcelona-Menorca-Espana.png","contentUrl":"https:\/\/tracktrailproductions.com\/wp-content\/uploads\/2022\/03\/Talaiot-Estudios-Productora-audiovisual-Barcelona-Menorca-Espana.png","width":596,"height":596,"caption":"Productora audiovisual en Menorca, Illes Balears. Reportaje, documental, v\u00eddeo promocional, corporativo, institucional"},{"@type":"BreadcrumbList","@id":"https:\/\/tracktrailproductions.com\/contacto\/#breadcrumb","itemListElement":[{"@type":"ListItem","position":1,"name":"Portada","item":"https:\/\/tracktrailproductions.com\/"},{"@type":"ListItem","position":2,"name":"Contacto"}]},{"@type":"WebSite","@id":"https:\/\/tracktrailproductions.com\/#website","url":"https:\/\/tracktrailproductions.com\/","name":"Track & Trail | Productora audiovisual","description":"Production company \/\/ Branding commercials, sport content, documentary.","publisher":{"@id":"https:\/\/tracktrailproductions.com\/#organization"},"alternateName":"Track & Trail | Productora audiovisual","potentialAction":[{"@type":"SearchAction","target":{"@type":"EntryPoint","urlTemplate":"https:\/\/tracktrailproductions.com\/?s={search_term_string}"},"query-input":{"@type":"PropertyValueSpecification","valueRequired":true,"valueName":"search_term_string"}}],"inLanguage":"en-US"},{"@type":"Organization","@id":"https:\/\/tracktrailproductions.com\/#organization","name":"Track & Trail | Productora audiovisual","url":"https:\/\/tracktrailproductions.com\/","logo":{"@type":"ImageObject","inLanguage":"en-US","@id":"https:\/\/tracktrailproductions.com\/#\/schema\/logo\/image\/","url":"https:\/\/tracktrailproductions.com\/wp-content\/uploads\/2022\/01\/trackandtrail-Logo.svg","contentUrl":"https:\/\/tracktrailproductions.com\/wp-content\/uploads\/2022\/01\/trackandtrail-Logo.svg","width":463,"height":414,"caption":"Track & Trail | Productora audiovisual"},"image":{"@id":"https:\/\/tracktrailproductions.com\/#\/schema\/logo\/image\/"},"sameAs":["https:\/\/www.instagram.com\/talaiotestudios\/"]}]}},"_links":{"self":[{"href":"https:\/\/tracktrailproductions.com\/en\/wp-json\/wp\/v2\/pages\/6259","targetHints":{"allow":["GET"]}}],"collection":[{"href":"https:\/\/tracktrailproductions.com\/en\/wp-json\/wp\/v2\/pages"}],"about":[{"href":"https:\/\/tracktrailproductions.com\/en\/wp-json\/wp\/v2\/types\/page"}],"author":[{"embeddable":true,"href":"https:\/\/tracktrailproductions.com\/en\/wp-json\/wp\/v2\/users\/1"}],"replies":[{"embeddable":true,"href":"https:\/\/tracktrailproductions.com\/en\/wp-json\/wp\/v2\/comments?post=6259"}],"version-history":[{"count":324,"href":"https:\/\/tracktrailproductions.com\/en\/wp-json\/wp\/v2\/pages\/6259\/revisions"}],"predecessor-version":[{"id":9424,"href":"https:\/\/tracktrailproductions.com\/en\/wp-json\/wp\/v2\/pages\/6259\/revisions\/9424"}],"wp:featuredmedia":[{"embeddable":true,"href":"https:\/\/tracktrailproductions.com\/en\/wp-json\/wp\/v2\/media\/6682"}],"wp:attachment":[{"href":"https:\/\/tracktrailproductions.com\/en\/wp-json\/wp\/v2\/media?parent=6259"}],"curies":[{"name":"wp","href":"https:\/\/api.w.org\/{rel}","templated":true}]}}